{"id":65,"date":"2024-08-31T15:34:29","date_gmt":"2024-08-31T15:34:29","guid":{"rendered":"https:\/\/yjwcare.com\/?page_id=65"},"modified":"2025-06-29T22:14:49","modified_gmt":"2025-06-29T22:14:49","slug":"contactanos","status":"publish","type":"page","link":"https:\/\/yjwcare.com\/en\/contactanos\/","title":{"rendered":"Contact us"},"content":{"rendered":"<p>We\u2019re here to help you on your journey to mental wellness. At YJW Excellent Care in Miami, we believe in providing compassionate, personalized care that meets your unique needs. Whether you\u2019re interested in learning more about our services, scheduling an appointment, or have a question, we\u2019d love to hear from you. Reach out to us today, and let\u2019s start the conversation. Your well-being is our priority, and our dedicated team is ready to support you every step of the way. Contact us now to take the first step toward a healthier, more fulfilling life.<\/p>\n\n\n\n<figure class=\"wp-block-image size-large\"><img loading=\"lazy\" decoding=\"async\" width=\"1024\" height=\"413\" src=\"https:\/\/yjwcare.com\/wp-content\/uploads\/2024\/09\/Screen-Shot-2024-09-02-at-6.14.40-PM-1-1024x413.png\" alt=\"\" class=\"wp-image-124\" srcset=\"https:\/\/yjwcare.com\/wp-content\/uploads\/2024\/09\/Screen-Shot-2024-09-02-at-6.14.40-PM-1-1024x413.png 1024w, https:\/\/yjwcare.com\/wp-content\/uploads\/2024\/09\/Screen-Shot-2024-09-02-at-6.14.40-PM-1-300x121.png 300w, https:\/\/yjwcare.com\/wp-content\/uploads\/2024\/09\/Screen-Shot-2024-09-02-at-6.14.40-PM-1-768x310.png 768w, https:\/\/yjwcare.com\/wp-content\/uploads\/2024\/09\/Screen-Shot-2024-09-02-at-6.14.40-PM-1-1536x619.png 1536w, https:\/\/yjwcare.com\/wp-content\/uploads\/2024\/09\/Screen-Shot-2024-09-02-at-6.14.40-PM-1-18x7.png 18w, https:\/\/yjwcare.com\/wp-content\/uploads\/2024\/09\/Screen-Shot-2024-09-02-at-6.14.40-PM-1.png 1726w\" sizes=\"auto, (max-width: 1024px) 100vw, 1024px\" \/><\/figure>\n\n\n\n<p><\/p>\n\n\n\n<p>We are here to ensure your safety and well-being while you are at our facility. For more information on our safety measures or if you have questions about COVID-19, please call (833) 582-1974.<\/p>\n\n\n\n<p>CONTACT US AT: <\/p>\n\n\n\n<p class=\"coblocks-animate\" data-coblocks-animation=\"slideInLeft\">Office:<strong> 786-713-0383<\/strong><\/p>\n\n\n\n<p class=\"coblocks-animate\" data-coblocks-animation=\"slideInLeft\">Fax: <strong>786-250-5397<\/strong><\/p>\n\n\n\n<p>yjwexcellentcare@yahoo.com<\/p>\n\n\n\n<p class=\"coblocks-animate\" data-coblocks-animation=\"slideInLeft\"><strong>13205 SW 137th Ave, Suite 126, Miami, FL 33186<\/strong><\/p>\n\n\n\n<div style=\"min-height:600px\" data-map-attr=\"\/qaddress\/q:\/q13205 SW 137th Ave, Suite 126, Miami FL 33186\/q||\/qlat\/q:\/qundefined\/q||\/qlng\/q:\/qundefined\/q||\/qskin\/q:\/qstandard\/q||\/qzoom\/q:\/q12\/q||\/qiconSize\/q:\/q36\/q||\/qmapTypeControl\/q:\/qtrue\/q||\/qzoomControl\/q:\/qtrue\/q||\/qstreetViewControl\/q:\/qtrue\/q||\/qfullscreenControl\/q:\/qtrue\/q\" class=\"wp-block-coblocks-map coblocks-animate mb-0 mt-0\" data-coblocks-animation=\"zoomIn\"><iframe title=\"Google Map\" frameborder=\"0\" style=\"width:100%;min-height:600px\" src=\"https:\/\/www.google.com\/maps?q=13205%20SW%20137th%20Ave%2C%20Suite%20126%2C%20Miami%20FL%2033186&amp;output=embed&amp;hl=es-ES&amp;z=12\"><\/iframe><\/div>\n\n\n\n<hr class=\"wp-block-separator has-alpha-channel-opacity is-style-wide\"\/>\n\n\n\n<p class=\"coblocks-animate\" data-coblocks-animation=\"slideInLeft\"><strong>13205 SW 137th Ave, Suite 127, Miami, FL 33186<\/strong><\/p>\n\n\n\n<div style=\"min-height:400px\" data-map-attr=\"\/qaddress\/q:\/q13205 SW 137th Ave, Suite 127, Miami, FL 33186\/q||\/qlat\/q:\/qundefined\/q||\/qlng\/q:\/qundefined\/q||\/qskin\/q:\/qstandard\/q||\/qzoom\/q:\/q12\/q||\/qiconSize\/q:\/q36\/q||\/qmapTypeControl\/q:\/qtrue\/q||\/qzoomControl\/q:\/qtrue\/q||\/qstreetViewControl\/q:\/qtrue\/q||\/qfullscreenControl\/q:\/qtrue\/q\" class=\"wp-block-coblocks-map\"><iframe title=\"Google Map\" frameborder=\"0\" style=\"width:100%;min-height:400px\" src=\"https:\/\/www.google.com\/maps?q=13205%20SW%20137th%20Ave%2C%20Suite%20127%2C%20Miami%2C%20FL%2033186&amp;output=embed&amp;hl=es-ES&amp;z=12\"><\/iframe><\/div>","protected":false},"excerpt":{"rendered":"<p>Estamos aqu\u00ed para ayudarte en tu camino hacia el bienestar mental. En YJW Excellent Care en Miami, creemos en brindar atenci\u00f3n compasiva y personalizada que satisfaga tus necesidades \u00fanicas. Ya sea que est\u00e9s interesado en obtener m\u00e1s informaci\u00f3n sobre nuestros servicios, programar una cita o tengas una pregunta, nos encantar\u00eda saber de ti. Comun\u00edcate con&hellip;&nbsp;<\/p>","protected":false},"author":1,"featured_media":0,"parent":0,"menu_order":0,"comment_status":"closed","ping_status":"closed","template":"","meta":{"_coblocks_attr":"","_coblocks_dimensions":"","_coblocks_responsive_height":"","_coblocks_accordion_ie_support":"","neve_meta_sidebar":"","neve_meta_container":"","neve_meta_enable_content_width":"","neve_meta_content_width":0,"neve_meta_title_alignment":"","neve_meta_author_avatar":"","neve_post_elements_order":"","neve_meta_disable_header":"","neve_meta_disable_footer":"","neve_meta_disable_title":"","footnotes":""},"class_list":["post-65","page","type-page","status-publish","hentry"],"_links":{"self":[{"href":"https:\/\/yjwcare.com\/en\/wp-json\/wp\/v2\/pages\/65","targetHints":{"allow":["GET"]}}],"collection":[{"href":"https:\/\/yjwcare.com\/en\/wp-json\/wp\/v2\/pages"}],"about":[{"href":"https:\/\/yjwcare.com\/en\/wp-json\/wp\/v2\/types\/page"}],"author":[{"embeddable":true,"href":"https:\/\/yjwcare.com\/en\/wp-json\/wp\/v2\/users\/1"}],"replies":[{"embeddable":true,"href":"https:\/\/yjwcare.com\/en\/wp-json\/wp\/v2\/comments?post=65"}],"version-history":[{"count":8,"href":"https:\/\/yjwcare.com\/en\/wp-json\/wp\/v2\/pages\/65\/revisions"}],"predecessor-version":[{"id":280,"href":"https:\/\/yjwcare.com\/en\/wp-json\/wp\/v2\/pages\/65\/revisions\/280"}],"wp:attachment":[{"href":"https:\/\/yjwcare.com\/en\/wp-json\/wp\/v2\/media?parent=65"}],"curies":[{"name":"wp","href":"https:\/\/api.w.org\/{rel}","templated":true}]}}